{"id":1054,"date":"2016-01-21T12:16:58","date_gmt":"2016-01-21T11:16:58","guid":{"rendered":"http:\/\/schroeder.com.pl\/firma\/"},"modified":"2018-03-19T10:27:03","modified_gmt":"2018-03-19T09:27:03","slug":"firma","status":"publish","type":"page","link":"https:\/\/schroeder.com.pl\/en\/firma\/","title":{"rendered":"About us"},"content":{"rendered":"<div id=\"pl-1054\"  class=\"panel-layout\" ><div id=\"pg-1054-0\"  class=\"panel-grid panel-no-style\" ><div id=\"pgc-1054-0-0\"  class=\"panel-grid-cell\" ><div id=\"panel-1054-0-0-0\" class=\"so-panel widget widget_sow-image panel-first-child\" data-index=\"0\" ><div\n\t\t\t\n\t\t\tclass=\"so-widget-sow-image so-widget-sow-image-default-dbf295114b96-1054\"\n\t\t\t\n\t\t>\n\n<div class=\"sow-image-container\">\n\t\t<img decoding=\"async\" src=\"https:\/\/schroeder.com.pl\/wp-content\/uploads\/2017\/06\/Schrder-RWD-strona-siatka..jpg\" width=\"1172\" height=\"717\" srcset=\"https:\/\/schroeder.com.pl\/wp-content\/uploads\/2017\/06\/Schrder-RWD-strona-siatka..jpg 1172w, https:\/\/schroeder.com.pl\/wp-content\/uploads\/2017\/06\/Schrder-RWD-strona-siatka.-300x184.jpg 300w, https:\/\/schroeder.com.pl\/wp-content\/uploads\/2017\/06\/Schrder-RWD-strona-siatka.-700x428.jpg 700w, https:\/\/schroeder.com.pl\/wp-content\/uploads\/2017\/06\/Schrder-RWD-strona-siatka.-1100x673.jpg 1100w\" sizes=\"(max-width: 1172px) 100vw, 1172px\" title=\"Schrder RWD strona siatka.\" alt=\"\" loading=\"lazy\" \t\tclass=\"so-widget-image\"\/>\n\t<\/div>\n\n<\/div><\/div><div id=\"panel-1054-0-0-1\" class=\"so-panel widget widget_sow-editor panel-last-child\" data-index=\"1\" ><div class=\"panel-widget-style panel-widget-style-for-1054-0-0-1\" ><div\n\t\t\t\n\t\t\tclass=\"so-widget-sow-editor so-widget-sow-editor-base\"\n\t\t\t\n\t\t>\n<div class=\"siteorigin-widget-tinymce textwidget\">\n\t<p style=\"text-align: justify;\">Schr\u00f6der posiada w\u0142asne zak\u0142ady produkcyjne, wyposa\u017cone w nowoczesny i wydajny park maszynowy. Produkujemy na rynki \u015bwiatowe w ISO-certyfikowanych zak\u0142adach w Niemczech, Turcji, Portugalii oraz innych krajach zachowuj\u0105c wysok\u0105 jako\u015b\u0107, racjonalno\u015b\u0107 oraz konkurencyjne ceny.<\/p>\n<\/div>\n<\/div><\/div><\/div><\/div><div id=\"pgc-1054-0-1\"  class=\"panel-grid-cell\" ><div id=\"panel-1054-0-1-0\" class=\"so-panel widget widget_sow-editor panel-first-child panel-last-child\" data-index=\"2\" ><div class=\"panel-widget-style panel-widget-style-for-1054-0-1-0\" ><div\n\t\t\t\n\t\t\tclass=\"so-widget-sow-editor so-widget-sow-editor-base\"\n\t\t\t\n\t\t>\n<div class=\"siteorigin-widget-tinymce textwidget\">\n\t<p>\u00a0<\/p>\n<h1 style=\"text-align: justify; font-weight: 300;\">About us<\/h1>\n<p>Welcome to the Schr\u00f6der Polska website.<\/p>\n<p>The Schr\u00f6der company has been operating on the Western Europe market for over 50 years and has been operating on the Polish market since 1999. Tradition combined with modern technology and rich experience have allowed us to achieve excellent results.<\/p>\n<p>Despite the ever-changing economic climate, we managed to maintain development trends. We offer an ever wider range of products. The investments we make ensure that we are able to meet the expectations of our customers by offering unrivaled quality at a moderate price of our products.<\/p>\n<p>In our offer you will find all kinds of products that build the image and brand of the manufacturer: woven and printed woven labels, tapes, seals, labels, plastic and leather patches.<\/p>\n<p>The range of our company's products is supplemented by a wide range of Indian and Chinese natural silks.<\/p>\n<p>Please familiarize yourself with our offer. In case of interest, contact us at the indicated phone numbers or by e-mail. We are happy to provide further information. We provide professional service to our representatives and designers who prepare specific graphic designs with price calculation.<\/p>\n<p>An individually tailored offer is the basis for an optimal solution.<\/p>\n<p>First, we analyze and then act. After analyzing the requirements for the labeling, control and security of your goods and products, we develop individual strategies, matching functionalities, design, and logistics to the requirements of the market strategy.<\/p>\n<p>Graphic design studio.<\/p>\n<p>From design to finished product, this is the motto of our action.<\/p>\n<p>In our graphic studio, we creatively process graphical ideas developed in cooperation with our clients. Of course, the guidelines set by your Corporate Identity are binding for us.<\/p>\n<p>Production.<\/p>\n<p>Schr\u00f6der has its own production plants, equipped with a modern and efficient machine park. We produce on global markets in ISO-certified plants in Germany, Turkey, Portugal and other countries while maintaining high quality, rationality and competitive prices.<\/p>\n<p>Greetings, wishing you a fruitful cooperation.<\/p>\n<p>Sincerely<\/p>\n<p>Directorate and employees of Schr\u00f6der Polska.<\/p>\n<\/div>\n<\/div><\/div><\/div><\/div><\/div><\/div>","protected":false},"excerpt":{"rendered":"<p>Schr\u00f6der posiada w\u0142asne zak\u0142ady produkcyjne, wyposa\u017cone w nowoczesny i wydajny park maszynowy. Produkujemy na rynki \u015bwiatowe w ISO-certyfikowanych zak\u0142adach w Niemczech, Turcji, Portugalii oraz innych krajach zachowuj\u0105c wysok\u0105 jako\u015b\u0107, racjonalno\u015b\u0107 oraz konkurencyjne ceny. \u00a0 About us Welcome to the Schr\u00f6der Polska website.The Schr\u00f6der company has&#8230;<\/p>\n","protected":false},"author":1,"featured_media":0,"parent":0,"menu_order":0,"comment_status":"closed","ping_status":"closed","template":"full_width.php","meta":{"footnotes":""},"acf":[],"_links":{"self":[{"href":"https:\/\/schroeder.com.pl\/en\/wp-json\/wp\/v2\/pages\/1054"}],"collection":[{"href":"https:\/\/schroeder.com.pl\/en\/wp-json\/wp\/v2\/pages"}],"about":[{"href":"https:\/\/schroeder.com.pl\/en\/wp-json\/wp\/v2\/types\/page"}],"author":[{"embeddable":true,"href":"https:\/\/schroeder.com.pl\/en\/wp-json\/wp\/v2\/users\/1"}],"replies":[{"embeddable":true,"href":"https:\/\/schroeder.com.pl\/en\/wp-json\/wp\/v2\/comments?post=1054"}],"version-history":[{"count":7,"href":"https:\/\/schroeder.com.pl\/en\/wp-json\/wp\/v2\/pages\/1054\/revisions"}],"predecessor-version":[{"id":1118,"href":"https:\/\/schroeder.com.pl\/en\/wp-json\/wp\/v2\/pages\/1054\/revisions\/1118"}],"wp:attachment":[{"href":"https:\/\/schroeder.com.pl\/en\/wp-json\/wp\/v2\/media?parent=1054"}],"curies":[{"name":"wp","href":"https:\/\/api.w.org\/{rel}","templated":true}]}}